{"id":19,"date":"2019-01-23T16:58:05","date_gmt":"2019-01-23T15:58:05","guid":{"rendered":"http:\/\/wp13312077.server-he.de\/makasa\/?page_id=19"},"modified":"2019-01-30T17:01:14","modified_gmt":"2019-01-30T16:01:14","slug":"infrastrukturelles-facility-management","status":"publish","type":"page","link":"http:\/\/wp13312077.server-he.de\/makasa\/infrastrukturelles-facility-management\/","title":{"rendered":"Infrastrukturelles Facility Management"},"content":{"rendered":"<div class=\"fusion-fullwidth fullwidth-box nonhundred-percent-fullwidth non-hundred-percent-height-scrolling\"  style='background-color: rgba(255,255,255,0);background-position: center center;background-repeat: no-repeat;padding-top:0px;padding-right:0px;padding-bottom:0px;padding-left:0px;'><div class=\"fusion-builder-row fusion-row \"><div  data-animationType=slideInLeft data-animationDuration=0.3 data-animationOffset=100% class=\"fusion-layout-column fusion_builder_column fusion_builder_column_1_2  fusion-one-half fusion-column-first fusion-animated 1_2\"  style='margin-top:0px;margin-bottom:20px;width:50%;width:calc(50% - ( ( 4% ) * 0.5 ) );margin-right: 4%;'>\n\t\t\t\t\t<div class=\"fusion-column-wrapper\" style=\"padding: 0px 0px 0px 0px;background-position:left top;background-repeat:no-repeat;-webkit-background-size:cover;-moz-background-size:cover;-o-background-size:cover;background-size:cover;\"   data-bg-url=\"\">\n\t\t\t\t\t\t<div class=\"fusion-text\"><h4><span style=\"color: #293133;\">Wir bieten Ihnen Full-Service-Dienstleistungen im infrastrukturellen Facility Management an. Ob Sie geb\u00e4uderelevante oder geb\u00e4udeunabh\u00e4ngige Dienst-leistungen ben\u00f6tigen, wir planen gerne mit Ihnen zusammen Ihre gew\u00fcnschte und ben\u00f6tigte Leistung.<\/span><\/h4>\n<\/div><div class=\"fusion-clearfix\"><\/div>\n\n\t\t\t\t\t<\/div>\n\t\t\t\t<\/div><div  data-animationType=slideInRight data-animationDuration=0.3 data-animationOffset=100% class=\"fusion-layout-column fusion_builder_column fusion_builder_column_1_2  fusion-one-half fusion-column-last fusion-animated 1_2\"  style='margin-top:0px;margin-bottom:20px;width:50%;width:calc(50% - ( ( 4% ) * 0.5 ) );'>\n\t\t\t\t\t<div class=\"fusion-column-wrapper\" style=\"padding: 0px 0px 0px 0px;background-position:left top;background-repeat:no-repeat;-webkit-background-size:cover;-moz-background-size:cover;-o-background-size:cover;background-size:cover;\"   data-bg-url=\"\">\n\t\t\t\t\t\t<div class=\"fusion-text\"><h4><span style=\"color: #293133;\">Dies sind die Leistungen des Infrastrukturelles Facility Management:<\/span><\/h4>\n<ul>\n<li><a href=\"http:\/\/wp13312077.server-he.de\/makasa\/steuerung-ueberwachung-externer-dienstleister\/\"><u>Steuerung &amp; \u00dcberwachung externer Dienstleister<\/u><\/a><\/li>\n<li><a href=\"http:\/\/wp13312077.server-he.de\/makasa\/hausmeisterdienste\/\"><u>Hausmeisterdienste<\/u><\/a><\/li>\n<li><a href=\"http:\/\/wp13312077.server-he.de\/makasa\/unterhaltsreinigung\/\"><u>Unterhaltsreinigung<\/u><\/a><\/li>\n<li><a href=\"http:\/\/wp13312077.server-he.de\/makasa\/aussenanlagenreinigung\/\"><u>Au\u00dfenanlagenreinigung<\/u><\/a><\/li>\n<li><a href=\"http:\/\/wp13312077.server-he.de\/makasa\/winterdienste\/\"><u>Winterdienste<\/u><\/a><\/li>\n<li><a href=\"http:\/\/wp13312077.server-he.de\/makasa\/gruenanlagendienste\/\"><u>Gr\u00fcnanlagendienste<\/u><\/a><\/li>\n<li><a href=\"http:\/\/wp13312077.server-he.de\/makasa\/entsorgung\/\"><u>Entsorgung<\/u><\/a><\/li>\n<li><a href=\"http:\/\/wp13312077.server-he.de\/makasa\/sicherheits-und-empfangsdienste\/\"><u>Sicherheits- und Empfangsdienste<\/u><\/a><\/li>\n<li><a href=\"http:\/\/wp13312077.server-he.de\/makasa\/notruf-und-service-center\/\"><u>Notruf und Service Center<\/u><\/a><\/li>\n<li><a href=\"http:\/\/wp13312077.server-he.de\/makasa\/food-court-bewirtschaftung\/\"><u>Food Court Bewirtschaftung<\/u><\/a><\/li>\n<li><a href=\"http:\/\/wp13312077.server-he.de\/makasa\/catering\/\"><u>Catering<\/u><\/a><\/li>\n<\/ul>\n<\/div><div class=\"fusion-clearfix\"><\/div>\n\n\t\t\t\t\t<\/div>\n\t\t\t\t<\/div><\/div><\/div>\n","protected":false},"excerpt":{"rendered":"","protected":false},"author":1,"featured_media":0,"parent":0,"menu_order":0,"comment_status":"closed","ping_status":"closed","template":"","meta":{"footnotes":""},"class_list":["post-19","page","type-page","status-publish","hentry"],"_links":{"self":[{"href":"http:\/\/wp13312077.server-he.de\/makasa\/wp-json\/wp\/v2\/pages\/19"}],"collection":[{"href":"http:\/\/wp13312077.server-he.de\/makasa\/wp-json\/wp\/v2\/pages"}],"about":[{"href":"http:\/\/wp13312077.server-he.de\/makasa\/wp-json\/wp\/v2\/types\/page"}],"author":[{"embeddable":true,"href":"http:\/\/wp13312077.server-he.de\/makasa\/wp-json\/wp\/v2\/users\/1"}],"replies":[{"embeddable":true,"href":"http:\/\/wp13312077.server-he.de\/makasa\/wp-json\/wp\/v2\/comments?post=19"}],"version-history":[{"count":7,"href":"http:\/\/wp13312077.server-he.de\/makasa\/wp-json\/wp\/v2\/pages\/19\/revisions"}],"predecessor-version":[{"id":1108,"href":"http:\/\/wp13312077.server-he.de\/makasa\/wp-json\/wp\/v2\/pages\/19\/revisions\/1108"}],"wp:attachment":[{"href":"http:\/\/wp13312077.server-he.de\/makasa\/wp-json\/wp\/v2\/media?parent=19"}],"curies":[{"name":"wp","href":"https:\/\/api.w.org\/{rel}","templated":true}]}}