{"id":1004,"date":"2019-01-30T13:30:18","date_gmt":"2019-01-30T12:30:18","guid":{"rendered":"http:\/\/wp13312077.server-he.de\/makasa\/?page_id=1004"},"modified":"2019-02-18T00:19:14","modified_gmt":"2019-02-17T23:19:14","slug":"hausmeisterdienste","status":"publish","type":"page","link":"http:\/\/wp13312077.server-he.de\/makasa\/hausmeisterdienste\/","title":{"rendered":"Hausmeisterdienste"},"content":{"rendered":"<div class=\"fusion-fullwidth fullwidth-box nonhundred-percent-fullwidth non-hundred-percent-height-scrolling\"  style='background-color: rgba(255,255,255,0);background-position: center center;background-repeat: no-repeat;padding-top:0px;padding-right:0px;padding-bottom:0px;padding-left:0px;'><div class=\"fusion-builder-row fusion-row \"><div  data-animationType=slideInLeft data-animationDuration=0.6 data-animationOffset=100% class=\"fusion-layout-column fusion_builder_column fusion_builder_column_1_3  fusion-one-third fusion-column-first fusion-animated 1_3\"  style='margin-top:0px;margin-bottom:20px;width:33.33%;width:calc(33.33% - ( ( 4% ) * 0.3333 ) );margin-right: 4%;'>\n\t\t\t\t\t<div class=\"fusion-column-wrapper\" style=\"padding: 0px 0px 0px 0px;background-position:left top;background-repeat:no-repeat;-webkit-background-size:cover;-moz-background-size:cover;-o-background-size:cover;background-size:cover;\"   data-bg-url=\"\">\n\t\t\t\t\t\t<div class=\"fusion-text\"><h4><span style=\"color: #293133;\">Unsere Hausmeisterdienste erledigen Ihre Anforderungen aus Ihrer Immobilie von A bis Z.<\/span><\/h4>\n<h4><span style=\"color: #293133;\">Neben unseren Standardleistungen wie z.B. Haus-, Treppen- und Stra\u00dfenreinigung, Bedienung und \u00dcberwachung des Fahrstuhls, Kontrolle und Aufrechterhaltung des Betriebs der Tiefgarage, Bereitstellen der M\u00fclltonnen und Container zur regelm\u00e4\u00dfigen M\u00fcllabfuhr, beheben kleinerer Sch\u00e4den und \u00dcberwachung der Einhaltung der Hausordnung k\u00f6nnen wir auch je nach Ihren W\u00fcnschen nat\u00fcrlich s\u00e4mtliche Leistungen rund um Ihre Immobilie wie z.B.:<\/span><\/h4>\n<ul>\n<li>\n<h4><span style=\"color: #293133;\"> Bedienung und \u00dcberwachung der Sammelheizung<\/span><\/h4>\n<\/li>\n<li>\n<h4><span style=\"color: #293133;\">\u00dcberwachung und Best\u00e4tigung der Brennstoffanlieferungen<\/span><\/h4>\n<\/li>\n<li>\n<h4><span style=\"color: #293133;\">Bedienung und \u00dcberwachung der Warmwasserversorgung<\/span><\/h4>\n<\/li>\n<li>\n<h4><span style=\"color: #293133;\">Bedienung und \u00dcberwachung der Wasseraufbereitungsanlage<\/span><\/h4>\n<\/li>\n<li>\n<h4><span style=\"color: #293133;\">Annahme von Schadensanzeigen und Reparaturw\u00fcnschen der Mieter und Weiterleitung an den Vermieter<\/span><\/h4>\n<\/li>\n<li>\n<h4><span style=\"color: #293133;\">\u00d6ffnen und Schlie\u00dfen von T\u00fcren und Fenstern<\/span><\/h4>\n<\/li>\n<li>\n<h4><span style=\"color: #293133;\">Ein- und Ausschalten der Au\u00dfenbeleuchtung und der Beleuchtung der gemeinsam benutzten Geb\u00e4udeteile<\/span><\/h4>\n<\/li>\n<li>\n<h4><span style=\"color: #293133;\">Veranlassung oder Durchf\u00fchrung von Schutzma\u00dfnahmen bei Frostgefahr abdecken<\/span><\/h4>\n<\/li>\n<\/ul>\n<p><span style=\"color: #293133;\"><a style=\"color: #293133;\" href=\"http:\/\/wp13312077.server-he.de\/makasa\/infrastrukturelles-facility-management\/\"><u><strong>zur\u00fcck zu Infrastrukturelles Facility Management<\/strong><\/u><\/a><\/span><\/p>\n<\/div><div class=\"fusion-clearfix\"><\/div>\n\n\t\t\t\t\t<\/div>\n\t\t\t\t<\/div><div  data-animationType=slideInRight data-animationDuration=0.6 data-animationOffset=100% class=\"fusion-layout-column fusion_builder_column fusion_builder_column_2_3  fusion-two-third fusion-column-last fusion-animated 2_3\"  style='margin-top:0px;margin-bottom:20px;width:66.66%;width:calc(66.66% - ( ( 4% ) * 0.6666 ) );'>\n\t\t\t\t\t<div class=\"fusion-column-wrapper\" style=\"padding: 0px 0px 0px 0px;background-position:left top;background-repeat:no-repeat;-webkit-background-size:cover;-moz-background-size:cover;-o-background-size:cover;background-size:cover;\"   data-bg-url=\"\">\n\t\t\t\t\t\t<div class=\"imageframe-align-center\"><span style=\"max-width:500px;\" class=\"fusion-imageframe imageframe-none imageframe-1 hover-type-zoomin fusion-animated\" data-animationType=\"slideInRight\" data-animationDuration=\"0.6\" data-animationOffset=\"100%\"><img loading=\"lazy\" decoding=\"async\" src=\"http:\/\/wp13312077.server-he.de\/makasa\/wp-content\/uploads\/2019\/02\/makasa-hausmeister-01.jpg\" width=\"496\" height=\"439\" alt=\"\" title=\"makasa-hausmeister-01\" class=\"img-responsive wp-image-1330\" srcset=\"http:\/\/wp13312077.server-he.de\/makasa\/wp-content\/uploads\/2019\/02\/makasa-hausmeister-01-200x177.jpg 200w, http:\/\/wp13312077.server-he.de\/makasa\/wp-content\/uploads\/2019\/02\/makasa-hausmeister-01-400x354.jpg 400w, http:\/\/wp13312077.server-he.de\/makasa\/wp-content\/uploads\/2019\/02\/makasa-hausmeister-01.jpg 496w\" sizes=\"(max-width: 1000px) 100vw, 496px\" \/><\/span><\/div><div class=\"fusion-clearfix\"><\/div>\n\n\t\t\t\t\t<\/div>\n\t\t\t\t<\/div><\/div><\/div>\n","protected":false},"excerpt":{"rendered":"","protected":false},"author":1,"featured_media":0,"parent":0,"menu_order":0,"comment_status":"closed","ping_status":"closed","template":"","meta":{"footnotes":""},"class_list":["post-1004","page","type-page","status-publish","hentry"],"_links":{"self":[{"href":"http:\/\/wp13312077.server-he.de\/makasa\/wp-json\/wp\/v2\/pages\/1004"}],"collection":[{"href":"http:\/\/wp13312077.server-he.de\/makasa\/wp-json\/wp\/v2\/pages"}],"about":[{"href":"http:\/\/wp13312077.server-he.de\/makasa\/wp-json\/wp\/v2\/types\/page"}],"author":[{"embeddable":true,"href":"http:\/\/wp13312077.server-he.de\/makasa\/wp-json\/wp\/v2\/users\/1"}],"replies":[{"embeddable":true,"href":"http:\/\/wp13312077.server-he.de\/makasa\/wp-json\/wp\/v2\/comments?post=1004"}],"version-history":[{"count":6,"href":"http:\/\/wp13312077.server-he.de\/makasa\/wp-json\/wp\/v2\/pages\/1004\/revisions"}],"predecessor-version":[{"id":1334,"href":"http:\/\/wp13312077.server-he.de\/makasa\/wp-json\/wp\/v2\/pages\/1004\/revisions\/1334"}],"wp:attachment":[{"href":"http:\/\/wp13312077.server-he.de\/makasa\/wp-json\/wp\/v2\/media?parent=1004"}],"curies":[{"name":"wp","href":"https:\/\/api.w.org\/{rel}","templated":true}]}}