{"id":1001,"date":"2019-01-30T13:28:30","date_gmt":"2019-01-30T12:28:30","guid":{"rendered":"http:\/\/wp13312077.server-he.de\/makasa\/?page_id=1001"},"modified":"2019-02-04T23:05:27","modified_gmt":"2019-02-04T22:05:27","slug":"steuerung-ueberwachung-externer-dienstleister","status":"publish","type":"page","link":"http:\/\/wp13312077.server-he.de\/makasa\/steuerung-ueberwachung-externer-dienstleister\/","title":{"rendered":"Steuerung &#038; \u00dcberwachung externer Dienstleister"},"content":{"rendered":"<div class=\"fusion-fullwidth fullwidth-box nonhundred-percent-fullwidth non-hundred-percent-height-scrolling\"  style='background-color: rgba(255,255,255,0);background-position: center center;background-repeat: no-repeat;padding-top:0px;padding-right:0px;padding-bottom:0px;padding-left:0px;'><div class=\"fusion-builder-row fusion-row \"><div  data-animationType=slideInLeft data-animationDuration=0.6 data-animationOffset=100% class=\"fusion-layout-column fusion_builder_column fusion_builder_column_1_3  fusion-one-third fusion-column-first fusion-animated 1_3\"  style='margin-top:0px;margin-bottom:20px;width:33.33%;width:calc(33.33% - ( ( 4% ) * 0.3333 ) );margin-right: 4%;'>\n\t\t\t\t\t<div class=\"fusion-column-wrapper\" style=\"padding: 0px 0px 0px 0px;background-position:left top;background-repeat:no-repeat;-webkit-background-size:cover;-moz-background-size:cover;-o-background-size:cover;background-size:cover;\"   data-bg-url=\"\">\n\t\t\t\t\t\t<div class=\"fusion-text\"><h4><span style=\"color: #293133;\">Wir optimieren und steuern Ihre externen Dienstleister nach ausf\u00fchrlicher Analyse der ben\u00f6tigten Dienste.<\/span><\/h4>\n<h4><span style=\"color: #293133;\">F\u00fcr Ihre Immobilie machen wir Ihnen ein ma\u00dfgeschneidertes Outfit f\u00fcr die Auswahl, Steuerung und Controlling Ihrer internen und externen operativen Dienstleister.<\/span><\/h4>\n<p><span style=\"color: #293133;\"><a style=\"color: #293133;\" href=\"http:\/\/wp13312077.server-he.de\/makasa\/infrastrukturelles-facility-management\/\"><u><strong>zur\u00fcck zu Infrastrukturelles Facility Management<\/strong><\/u><\/a><\/span><\/p>\n<\/div><div class=\"fusion-clearfix\"><\/div>\n\n\t\t\t\t\t<\/div>\n\t\t\t\t<\/div><div  data-animationType=slideInRight data-animationDuration=0.6 data-animationOffset=100% class=\"fusion-layout-column fusion_builder_column fusion_builder_column_2_3  fusion-two-third fusion-column-last fusion-animated 2_3\"  style='margin-top:0px;margin-bottom:20px;width:66.66%;width:calc(66.66% - ( ( 4% ) * 0.6666 ) );'>\n\t\t\t\t\t<div class=\"fusion-column-wrapper\" style=\"padding: 0px 0px 0px 0px;background-position:left top;background-repeat:no-repeat;-webkit-background-size:cover;-moz-background-size:cover;-o-background-size:cover;background-size:cover;\"   data-bg-url=\"\">\n\t\t\t\t\t\t<div class=\"imageframe-align-center\"><span style=\"max-width:500px;\" class=\"fusion-imageframe imageframe-none imageframe-1 hover-type-zoomin fusion-animated\" data-animationType=\"slideInRight\" data-animationDuration=\"0.6\" data-animationOffset=\"100%\"><img loading=\"lazy\" decoding=\"async\" src=\"http:\/\/wp13312077.server-he.de\/makasa\/wp-content\/uploads\/2019\/02\/makasa-facilitymanagement-steuerung-u\u0308berwachung-ueberwachung-extern-dienstleister-01.jpg\" width=\"699\" height=\"603\" alt=\"\" title=\"makasa-facilitymanagement-steuerung-u\u0308berwachung-ueberwachung-extern-dienstleister-01\" class=\"img-responsive wp-image-1189\" srcset=\"http:\/\/wp13312077.server-he.de\/makasa\/wp-content\/uploads\/2019\/02\/makasa-facilitymanagement-steuerung-u\u0308berwachung-ueberwachung-extern-dienstleister-01-200x173.jpg 200w, http:\/\/wp13312077.server-he.de\/makasa\/wp-content\/uploads\/2019\/02\/makasa-facilitymanagement-steuerung-u\u0308berwachung-ueberwachung-extern-dienstleister-01-400x345.jpg 400w, http:\/\/wp13312077.server-he.de\/makasa\/wp-content\/uploads\/2019\/02\/makasa-facilitymanagement-steuerung-u\u0308berwachung-ueberwachung-extern-dienstleister-01-600x518.jpg 600w, http:\/\/wp13312077.server-he.de\/makasa\/wp-content\/uploads\/2019\/02\/makasa-facilitymanagement-steuerung-u\u0308berwachung-ueberwachung-extern-dienstleister-01.jpg 699w\" sizes=\"(max-width: 1000px) 100vw, 699px\" \/><\/span><\/div><div class=\"fusion-clearfix\"><\/div>\n\n\t\t\t\t\t<\/div>\n\t\t\t\t<\/div><\/div><\/div>\n","protected":false},"excerpt":{"rendered":"","protected":false},"author":1,"featured_media":0,"parent":0,"menu_order":0,"comment_status":"closed","ping_status":"closed","template":"","meta":{"footnotes":""},"class_list":["post-1001","page","type-page","status-publish","hentry"],"_links":{"self":[{"href":"http:\/\/wp13312077.server-he.de\/makasa\/wp-json\/wp\/v2\/pages\/1001"}],"collection":[{"href":"http:\/\/wp13312077.server-he.de\/makasa\/wp-json\/wp\/v2\/pages"}],"about":[{"href":"http:\/\/wp13312077.server-he.de\/makasa\/wp-json\/wp\/v2\/types\/page"}],"author":[{"embeddable":true,"href":"http:\/\/wp13312077.server-he.de\/makasa\/wp-json\/wp\/v2\/users\/1"}],"replies":[{"embeddable":true,"href":"http:\/\/wp13312077.server-he.de\/makasa\/wp-json\/wp\/v2\/comments?post=1001"}],"version-history":[{"count":4,"href":"http:\/\/wp13312077.server-he.de\/makasa\/wp-json\/wp\/v2\/pages\/1001\/revisions"}],"predecessor-version":[{"id":1222,"href":"http:\/\/wp13312077.server-he.de\/makasa\/wp-json\/wp\/v2\/pages\/1001\/revisions\/1222"}],"wp:attachment":[{"href":"http:\/\/wp13312077.server-he.de\/makasa\/wp-json\/wp\/v2\/media?parent=1001"}],"curies":[{"name":"wp","href":"https:\/\/api.w.org\/{rel}","templated":true}]}}